{"id":1321,"date":"2026-01-19T08:06:23","date_gmt":"2026-01-19T08:06:23","guid":{"rendered":"https:\/\/www.ipagency.it\/?page_id=1321"},"modified":"2026-01-19T08:10:25","modified_gmt":"2026-01-19T08:10:25","slug":"complaints","status":"publish","type":"page","link":"https:\/\/www.ipagency.it\/en\/complaints\/","title":{"rendered":"Complaints"},"content":{"rendered":"<p>[et_pb_section fb_built=&#8221;1&#8243; _builder_version=&#8221;4.21.0&#8243; _module_preset=&#8221;default&#8221; background_image=&#8221;https:\/\/www.ipagency.it\/wp-content\/uploads\/2023\/07\/couple-with-business-consultants-at-the-office-2021-09-02-01-01-35-utc.jpeg&#8221; height=&#8221;22vw&#8221; height_tablet=&#8221;28vw&#8221; height_phone=&#8221;40vw&#8221; height_last_edited=&#8221;on|phone&#8221; background_last_edited=&#8221;on|phone&#8221; background_position_phone=&#8221;center_right&#8221; locked=&#8221;off&#8221; global_colors_info=&#8221;{}&#8221;][et_pb_row _builder_version=&#8221;4.21.0&#8243; _module_preset=&#8221;default&#8221; global_colors_info=&#8221;{}&#8221;][et_pb_column type=&#8221;4_4&#8243; _builder_version=&#8221;4.21.0&#8243; _module_preset=&#8221;default&#8221; global_colors_info=&#8221;{}&#8221;][\/et_pb_column][\/et_pb_row][\/et_pb_section][et_pb_section fb_built=&#8221;1&#8243; custom_padding_last_edited=&#8221;on|phone&#8221; _builder_version=&#8221;4.21.0&#8243; _module_preset=&#8221;default&#8221; custom_padding=&#8221;120px||120px||false|false&#8221; custom_padding_tablet=&#8221;60px||60px||false|false&#8221; custom_padding_phone=&#8221;40px||40px||false|false&#8221; locked=&#8221;off&#8221; global_colors_info=&#8221;{}&#8221;][et_pb_row column_structure=&#8221;1_3,2_3&#8243; _builder_version=&#8221;4.27.4&#8243; _module_preset=&#8221;default&#8221; custom_margin=&#8221;50px||||false|false&#8221; custom_margin_tablet=&#8221;20px||||false|false&#8221; custom_margin_phone=&#8221;20px||||false|false&#8221; custom_margin_last_edited=&#8221;on|phone&#8221; hover_enabled=&#8221;0&#8243; global_colors_info=&#8221;{}&#8221; sticky_enabled=&#8221;0&#8243;][et_pb_column type=&#8221;1_3&#8243; _builder_version=&#8221;4.21.0&#8243; _module_preset=&#8221;default&#8221; global_colors_info=&#8221;{}&#8221;][et_pb_text _builder_version=&#8221;4.22.2&#8243; _module_preset=&#8221;default&#8221; header_3_font=&#8221;|700|||||||&#8221; header_3_font_size=&#8221;4.17vw&#8221; custom_margin=&#8221;0px||29px||false|false&#8221; custom_margin_tablet=&#8221;0px||10px||false|false&#8221; custom_margin_phone=&#8221;||0px||false|false&#8221; custom_margin_last_edited=&#8221;on|phone&#8221; header_3_font_size_tablet=&#8221;5vw&#8221; header_3_font_size_phone=&#8221;5.5vw&#8221; header_3_font_size_last_edited=&#8221;on|desktop&#8221; global_colors_info=&#8221;{}&#8221;]<\/p>\n<h3>Complaints<\/h3>\n<p>[\/et_pb_text][et_pb_text _builder_version=&#8221;4.22.2&#8243; _module_preset=&#8221;default&#8221; max_width=&#8221;380px&#8221; max_width_tablet=&#8221;100%&#8221; max_width_phone=&#8221;100%&#8221; max_width_last_edited=&#8221;on|tablet&#8221; global_colors_info=&#8221;{}&#8221;]<\/p>\n<p>Any complaints regarding the contractual relationship must be forwarded in writing according to the methods and contact details provided below for the individual Insurance Companies with which Insurance Placement Agency S.r.l. has business relationships:<\/p>\n<p>[\/et_pb_text][\/et_pb_column][et_pb_column type=&#8221;2_3&#8243; _builder_version=&#8221;4.22.2&#8243; _module_preset=&#8221;default&#8221; custom_padding=&#8221;60px||||false|false&#8221; custom_padding_tablet=&#8221;30px||||false|false&#8221; custom_padding_phone=&#8221;30px||||false|false&#8221; custom_padding_last_edited=&#8221;on|tablet&#8221; global_colors_info=&#8221;{}&#8221;][et_pb_toggle title=&#8221;ASSICURATRICE MILANESE S.p.A&#8221; open_toggle_background_color=&#8221;RGBA(255,255,255,0)&#8221; closed_toggle_background_color=&#8221;RGBA(255,255,255,0)&#8221; icon_color=&#8221;#ef003b&#8221; toggle_icon=&#8221;&#x4c;||divi||400&#8243; open_icon_color=&#8221;#E02B20&#8243; open_toggle_icon=&#8221;&#x4b;||divi||400&#8243; _builder_version=&#8221;4.22.2&#8243; _module_preset=&#8221;default&#8221; title_text_color=&#8221;#000000&#8243; title_font=&#8221;||||||||&#8221; custom_margin=&#8221;||||false|false&#8221; custom_padding=&#8221;0px|0px|29px|0px|false|false&#8221; border_width_all=&#8221;0px&#8221; border_width_bottom=&#8221;1px&#8221; global_colors_info=&#8221;{}&#8221;]<\/p>\n<p>Ufficio Reclami<br \/>Corso Libert\u00e0 53,<br \/>41018 San Cesario sul Panaro<\/p>\n<p>servizio.reclami@assicuratricemilanese.it<br \/>fax +39 059 8672387<\/p>\n<p>[\/et_pb_toggle][et_pb_toggle title=&#8221;CHUBB EUROPEAN GROUP&#8221; open_toggle_background_color=&#8221;RGBA(255,255,255,0)&#8221; closed_toggle_background_color=&#8221;RGBA(255,255,255,0)&#8221; icon_color=&#8221;#ef003b&#8221; toggle_icon=&#8221;&#x4c;||divi||400&#8243; open_icon_color=&#8221;#E02B20&#8243; open_toggle_icon=&#8221;&#x4b;||divi||400&#8243; _builder_version=&#8221;4.22.2&#8243; _module_preset=&#8221;default&#8221; title_text_color=&#8221;#000000&#8243; title_font=&#8221;|||on|||||&#8221; custom_margin=&#8221;||||false|false&#8221; custom_padding=&#8221;0px|0px|29px|0px|false|false&#8221; border_width_all=&#8221;0px&#8221; border_width_bottom=&#8221;1px&#8221; global_colors_info=&#8221;{}&#8221;]<\/p>\n<p class=\"et_pb_toggle_title\"><span style=\"font-size: 16px;\">Ufficio Reclami<br \/><\/span>Via Fabio Filzi 29,<br \/>20124 Milano<\/p>\n<div class=\"et_pb_toggle_content clearfix\">\n<p>ufficio.reclami@chubb.com; ufficio.reclami@pec.chubb.com<br \/>fax +39 02 27095430<\/p>\n<\/div>\n<p>[\/et_pb_toggle][et_pb_toggle title=&#8221;EUROHERC OSIGURANJE D.D.&#8221; open_toggle_background_color=&#8221;RGBA(255,255,255,0)&#8221; closed_toggle_background_color=&#8221;RGBA(255,255,255,0)&#8221; icon_color=&#8221;#ef003b&#8221; toggle_icon=&#8221;&#x4c;||divi||400&#8243; open_icon_color=&#8221;#E02B20&#8243; open_toggle_icon=&#8221;&#x4b;||divi||400&#8243; _builder_version=&#8221;4.22.2&#8243; _module_preset=&#8221;default&#8221; title_text_color=&#8221;#000000&#8243; title_font=&#8221;|||on|||||&#8221; custom_margin=&#8221;||||false|false&#8221; custom_padding=&#8221;0px|0px|29px|0px|false|false&#8221; border_width_all=&#8221;0px&#8221; border_width_bottom=&#8221;1px&#8221; global_colors_info=&#8221;{}&#8221;]<\/p>\n<p><span>Servizio Reclami<\/span><br \/><span>Ulica grada Vukovara 282,<\/span><br \/><span>Zagabria, Croazia<\/span><\/p>\n<p>reclami@euroherc.it<\/p>\n<p>[\/et_pb_toggle][et_pb_toggle title=&#8221;GLOBAL ASSISTANCE S.p.A.&#8221; open_toggle_background_color=&#8221;RGBA(255,255,255,0)&#8221; closed_toggle_background_color=&#8221;RGBA(255,255,255,0)&#8221; icon_color=&#8221;#ef003b&#8221; toggle_icon=&#8221;&#x4c;||divi||400&#8243; open_icon_color=&#8221;#E02B20&#8243; open_toggle_icon=&#8221;&#x4b;||divi||400&#8243; _builder_version=&#8221;4.22.2&#8243; _module_preset=&#8221;default&#8221; title_text_color=&#8221;#000000&#8243; title_font=&#8221;||||||||&#8221; custom_margin=&#8221;||||false|false&#8221; custom_padding=&#8221;0px|0px|29px|0px|false|false&#8221; border_width_all=&#8221;0px&#8221; border_width_bottom=&#8221;1px&#8221; global_colors_info=&#8221;{}&#8221;]<\/p>\n<p><span>Ufficio Gestione Reclami<\/span><br \/><span>Piazza Diaz 6,<\/span><br \/><span>20123 Milano<\/span><\/p>\n<p>Responsabile: Dott.ssa Beatriz Garc\u00eca Acedo<br \/>gestione.reclami@globalassistance.it;<br \/>tel. 02 43335020<\/p>\n<p>[\/et_pb_toggle][et_pb_toggle title=&#8221;LLOYD\u2019S INSURANCE COMPANY SA&#8221; open_toggle_background_color=&#8221;RGBA(255,255,255,0)&#8221; closed_toggle_background_color=&#8221;RGBA(255,255,255,0)&#8221; icon_color=&#8221;#ef003b&#8221; toggle_icon=&#8221;&#x4c;||divi||400&#8243; open_icon_color=&#8221;#E02B20&#8243; open_toggle_icon=&#8221;&#x4b;||divi||400&#8243; _builder_version=&#8221;4.22.2&#8243; _module_preset=&#8221;default&#8221; title_text_color=&#8221;#000000&#8243; title_font=&#8221;|||on|||||&#8221; custom_margin=&#8221;||||false|false&#8221; custom_padding=&#8221;0px|0px|29px|0px|false|false&#8221; border_width_all=&#8221;0px&#8221; border_width_bottom=&#8221;1px&#8221; global_colors_info=&#8221;{}&#8221;]<\/p>\n<p><span>Ufficio Italiano dei Lloyd\u2019s \u2013 Servizio Reclami<\/span><br \/><span>Corso Garibaldi 86,<\/span><br \/><span>20121 Milano<\/span><\/p>\n<p>servizioreclami@lloyds.com o servizioreclami@pec.lloyds.com;<br \/>fax +39 02 63788857<\/p>\n<p>[\/et_pb_toggle][et_pb_toggle title=&#8221;METLIFE EUROPE LIMITED&#8221; open_toggle_background_color=&#8221;RGBA(255,255,255,0)&#8221; closed_toggle_background_color=&#8221;RGBA(255,255,255,0)&#8221; icon_color=&#8221;#ef003b&#8221; toggle_icon=&#8221;&#x4c;||divi||400&#8243; open_icon_color=&#8221;#E02B20&#8243; open_toggle_icon=&#8221;&#x4b;||divi||400&#8243; _builder_version=&#8221;4.22.2&#8243; _module_preset=&#8221;default&#8221; title_text_color=&#8221;#000000&#8243; title_font=&#8221;|||on|||||&#8221; custom_margin=&#8221;||||false|false&#8221; custom_padding=&#8221;0px|0px|29px|0px|false|false&#8221; border_width_all=&#8221;0px&#8221; border_width_bottom=&#8221;1px&#8221; global_colors_info=&#8221;{}&#8221;]<\/p>\n<p>The person who considers himself dissatisfied with reference to a contract or an insurance service of the Company can submit a complaint, using the appropriate form available in the Customer Assistance &#8211; Complaints Section of the website: www.metlife.it<\/p>\n<p>MetLife \u2013 General Representation for Italy Complaints Office<br \/>Via Andrea Vesalio, 6<br \/>00161 Roma<\/p>\n<p>reclami@metlife.it;<br \/>tel. + 39 06 492161<br \/>fax +39 06 49216300<\/p>\n<p>[\/et_pb_toggle][et_pb_toggle title=&#8221;NOBIS COMPAGNIA DI ASSICURAZIONI S.p.A.&#8221; open_toggle_background_color=&#8221;RGBA(255,255,255,0)&#8221; closed_toggle_background_color=&#8221;RGBA(255,255,255,0)&#8221; icon_color=&#8221;#ef003b&#8221; toggle_icon=&#8221;&#x4c;||divi||400&#8243; open_icon_color=&#8221;#E02B20&#8243; open_toggle_icon=&#8221;&#x4b;||divi||400&#8243; _builder_version=&#8221;4.22.2&#8243; _module_preset=&#8221;default&#8221; title_text_color=&#8221;#000000&#8243; title_font=&#8221;||||||||&#8221; custom_margin=&#8221;||||false|false&#8221; custom_padding=&#8221;0px|0px|29px|0px|false|false&#8221; border_width_all=&#8221;0px&#8221; border_width_bottom=&#8221;1px&#8221; global_colors_info=&#8221;{}&#8221;]<\/p>\n<p>he person who considers himself dissatisfied with reference to a contract or an insurance service of the Company can submit a complaint, using the appropriate form available in the Complaints Section of the website: www.nobisassociazione.it<\/p>\n<p>Alternatively, the Contractor is invited to write a &#8220;Complaint Notice&#8221; indicating the mandatory name, surname and tax code (or VAT number) to be forwarded to one of the following addresses:<br \/>NOBIS Insurance Company S.p.A. &#8211; COMPLAINTS OFFICE<\/p>\n<p>Via Lanzo 29,<br \/>10071 Borgaro Torinese (TO)<\/p>\n<p>reclami@nobisassicurazioni.it<br \/>Tel. 011 4518744 (dal luned\u00ec al gioved\u00ec dalle 9.00 alle 12.00 ed il venerd\u00ec dalle 9.00 alle 12.00)<br \/>Fax 011 4518730<\/p>\n<p>[\/et_pb_toggle][et_pb_toggle title=&#8221;QBE INSURANCE (EUROPE) LIMITED&#8221; open_toggle_background_color=&#8221;RGBA(255,255,255,0)&#8221; closed_toggle_background_color=&#8221;RGBA(255,255,255,0)&#8221; icon_color=&#8221;#ef003b&#8221; toggle_icon=&#8221;&#x4c;||divi||400&#8243; open_icon_color=&#8221;#E02B20&#8243; open_toggle_icon=&#8221;&#x4b;||divi||400&#8243; _builder_version=&#8221;4.22.2&#8243; _module_preset=&#8221;default&#8221; title_text_color=&#8221;#000000&#8243; title_font=&#8221;|||on|||||&#8221; custom_margin=&#8221;||||false|false&#8221; custom_padding=&#8221;0px|0px|29px|0px|false|false&#8221; border_width_all=&#8221;0px&#8221; border_width_bottom=&#8221;1px&#8221; global_colors_info=&#8221;{}&#8221;]<\/p>\n<p><span>QBE Insurance (Europe) Ltd Rappresentanza Generale per l\u2019Italia \u2013 Servizio Reclami<\/span><\/p>\n<p>Via Melchiorre Gioia 8,<br \/>20124 Milano<br \/>reclami@it.qbe.com<\/p>\n<p>[\/et_pb_toggle][et_pb_toggle title=&#8221;SWISS RE INTERNATIONAL SE&#8221; open_toggle_background_color=&#8221;RGBA(255,255,255,0)&#8221; closed_toggle_background_color=&#8221;RGBA(255,255,255,0)&#8221; icon_color=&#8221;#ef003b&#8221; toggle_icon=&#8221;&#x4c;||divi||400&#8243; open_icon_color=&#8221;#E02B20&#8243; open_toggle_icon=&#8221;&#x4b;||divi||400&#8243; _builder_version=&#8221;4.22.2&#8243; _module_preset=&#8221;default&#8221; title_text_color=&#8221;#000000&#8243; title_font=&#8221;|||on|||||&#8221; custom_margin=&#8221;||||false|false&#8221; custom_padding=&#8221;0px|0px|29px|0px|false|false&#8221; border_width_all=&#8221;0px&#8221; border_width_bottom=&#8221;1px&#8221; global_colors_info=&#8221;{}&#8221;]<\/p>\n<p><span>Swiss Re International Se,<\/span><br \/><span>Via dei mercanti 12,<\/span><br \/><span>20121 Milano<\/span><\/p>\n<p>[\/et_pb_toggle][et_pb_toggle title=&#8221;REVO INSURANCE S.p.A.&#8221; open_toggle_background_color=&#8221;RGBA(255,255,255,0)&#8221; closed_toggle_background_color=&#8221;RGBA(255,255,255,0)&#8221; icon_color=&#8221;#ef003b&#8221; toggle_icon=&#8221;&#x4c;||divi||400&#8243; open_icon_color=&#8221;#E02B20&#8243; open_toggle_icon=&#8221;&#x4b;||divi||400&#8243; _builder_version=&#8221;4.22.2&#8243; _module_preset=&#8221;default&#8221; title_text_color=&#8221;#000000&#8243; title_font=&#8221;||||||||&#8221; custom_margin=&#8221;||||false|false&#8221; custom_padding=&#8221;0px|0px|29px|0px|false|false&#8221; border_width_all=&#8221;0px&#8221; border_width_bottom=&#8221;1px&#8221; global_colors_info=&#8221;{}&#8221;]<\/p>\n<p>REVO INSURANCE S.p.A. &#8211; \u201cFunzione Reclami\u201d<br \/>Via Monte Rosa n. 91 &#8211; 20149 Milano (MI),<\/p>\n<p><a href=\"mailto:reclami@elbassicurazioni.it;\">reclami@elbassicurazioni.it;<\/a>\u00a0 <a href=\"mailto:reclami@pec.revoinsurance.com;\">reclami@pec.revoinsurance.com; <\/a><br \/>Fax. 02 92885749;<\/p>\n<p>[\/et_pb_toggle][et_pb_toggle title=&#8221;TUTELA LEGALE S.p.A.&#8221; open_toggle_background_color=&#8221;RGBA(255,255,255,0)&#8221; closed_toggle_background_color=&#8221;RGBA(255,255,255,0)&#8221; icon_color=&#8221;#ef003b&#8221; toggle_icon=&#8221;&#x4c;||divi||400&#8243; open_icon_color=&#8221;#E02B20&#8243; open_toggle_icon=&#8221;&#x4b;||divi||400&#8243; _builder_version=&#8221;4.22.2&#8243; _module_preset=&#8221;default&#8221; title_text_color=&#8221;#000000&#8243; title_font=&#8221;||||||||&#8221; custom_margin=&#8221;||||false|false&#8221; custom_padding=&#8221;0px|0px|29px|0px|false|false&#8221; border_width_all=&#8221;0px&#8221; border_width_bottom=&#8221;1px&#8221; global_colors_info=&#8221;{}&#8221;]<\/p>\n<p>Tutela Legale Spa \u2013 Funzione reclami<br \/>Corso di Porta Nuova n. 34<br \/>20121 Milano (MI)<\/p>\n<p><a href=\"mailto:reclami@tutelalegalespa.it,\">reclami@tutelalegalespa.it,<\/a><br \/><a href=\"mailto:direzione@pec.tutelalegalespa484.it\"><u>direzione@pec.tutelalegalespa484.it<\/u><\/a><\/p>\n<p>[\/et_pb_toggle][\/et_pb_column][\/et_pb_row][\/et_pb_section][et_pb_section fb_built=&#8221;1&#8243; custom_padding_last_edited=&#8221;on|phone&#8221; _builder_version=&#8221;4.21.0&#8243; _module_preset=&#8221;default&#8221; use_background_color_gradient=&#8221;on&#8221; background_color_gradient_direction=&#8221;45deg&#8221; background_color_gradient_stops=&#8221;rgba(10,2,2,0) 0%|rgba(10,1,1,0.55) 78%|rgba(10, 1, 1, 1) 100%&#8221; background_image=&#8221;https:\/\/www.ipagency.it\/wp-content\/uploads\/2023\/07\/business-partners-in-action-2021-08-27-14-38-13-utc-1.jpg&#8221; background_blend=&#8221;overlay&#8221; custom_padding=&#8221;100px||100px||false|false&#8221; custom_padding_tablet=&#8221;||80px||false|false&#8221; custom_padding_phone=&#8221;||80px||false|false&#8221; background_last_edited=&#8221;on|phone&#8221; background_position_tablet=&#8221;center_left&#8221; background_position_phone=&#8221;bottom_center&#8221; locked=&#8221;off&#8221; global_colors_info=&#8221;{}&#8221;][et_pb_row column_structure=&#8221;1_2,1_2&#8243; _builder_version=&#8221;4.21.0&#8243; _module_preset=&#8221;default&#8221; global_colors_info=&#8221;{}&#8221;][et_pb_column type=&#8221;1_2&#8243; _builder_version=&#8221;4.21.0&#8243; _module_preset=&#8221;default&#8221; global_colors_info=&#8221;{}&#8221;][\/et_pb_column][et_pb_column type=&#8221;1_2&#8243; _builder_version=&#8221;4.21.0&#8243; _module_preset=&#8221;default&#8221; custom_padding=&#8221;|||8%|false|false&#8221; custom_padding_tablet=&#8221;|||0%|false|false&#8221; custom_padding_phone=&#8221;|||0%|false|false&#8221; custom_padding_last_edited=&#8221;on|phone&#8221; global_colors_info=&#8221;{}&#8221;][et_pb_text _builder_version=&#8221;4.22.2&#8243; _module_preset=&#8221;default&#8221; header_3_font=&#8221;|700|||||||&#8221; header_3_text_align=&#8221;left&#8221; header_3_text_color=&#8221;#FFFFFF&#8221; header_3_font_size=&#8221;4.17vw&#8221; custom_margin=&#8221;||16px|||&#8221; custom_margin_tablet=&#8221;0px||10px||false|false&#8221; custom_margin_phone=&#8221;||0px||false|false&#8221; custom_margin_last_edited=&#8221;off|desktop&#8221; header_2_font_size_tablet=&#8221;&#8221; header_2_font_size_phone=&#8221;&#8221; header_2_font_size_last_edited=&#8221;on|tablet&#8221; header_3_font_size_tablet=&#8221;5vw&#8221; header_3_font_size_phone=&#8221;5.5vw&#8221; header_3_font_size_last_edited=&#8221;on|phone&#8221; global_colors_info=&#8221;{}&#8221;]<\/p>\n<h3>Becomes<br \/>\none of our collaborators<\/h3>\n<p>[\/et_pb_text][et_pb_text _builder_version=&#8221;4.22.2&#8243; _module_preset=&#8221;default&#8221; text_text_color=&#8221;#FFFFFF&#8221; locked=&#8221;off&#8221; global_colors_info=&#8221;{}&#8221;]<\/p>\n<p>Do you want to join our team of professionals? Collaborate with us on highly challenging national and international projects.<\/p>\n<p>[\/et_pb_text][et_pb_button button_url=&#8221;\/en\/collaborators\/&#8221; button_text=&#8221;Discover more&#8221; _builder_version=&#8221;4.22.2&#8243; _module_preset=&#8221;default&#8221; button_text_color=&#8221;#FFFFFF&#8221; custom_css_main_element=&#8221;border-top: 0px;||border-left: 0px;||border-right: 0px;&#8221; locked=&#8221;off&#8221; global_colors_info=&#8221;{}&#8221;][\/et_pb_button][\/et_pb_column][\/et_pb_row][\/et_pb_section]<\/p>\n","protected":false},"excerpt":{"rendered":"<p>ComplaintsAny complaints regarding the contractual relationship must be forwarded in writing according to the methods and contact details provided below for the individual Insurance Companies with which Insurance Placement Agency S.r.l. has business relationships:Ufficio ReclamiCorso Libert\u00e0 53,41018 San Cesario sul Panaro servizio.reclami@assicuratricemilanese.itfax +39 059 8672387Ufficio ReclamiVia Fabio Filzi 29,20124 Milano ufficio.reclami@chubb.com; ufficio.reclami@pec.chubb.comfax +39 02 27095430 [&hellip;]<\/p>\n","protected":false},"author":3,"featured_media":0,"parent":0,"menu_order":0,"comment_status":"closed","ping_status":"closed","template":"","meta":{"_acf_changed":false,"_et_pb_use_builder":"on","_et_pb_old_content":"<!-- wp:divi\/placeholder \/-->","_et_gb_content_width":"","inline_featured_image":false,"footnotes":""},"class_list":["post-1321","page","type-page","status-publish","hentry"],"acf":[],"yoast_head":"<!-- This site is optimized with the Yoast SEO plugin v27.2 - https:\/\/yoast.com\/product\/yoast-seo-wordpress\/ -->\n<title>Complaints - Insurance Placement Agency<\/title>\n<meta name=\"robots\" content=\"index, follow, max-snippet:-1, max-image-preview:large, max-video-preview:-1\" \/>\n<link rel=\"canonical\" href=\"https:\/\/www.ipagency.it\/en\/complaints\/\" \/>\n<meta property=\"og:locale\" content=\"en_US\" \/>\n<meta property=\"og:type\" content=\"article\" \/>\n<meta property=\"og:title\" content=\"Complaints - Insurance Placement Agency\" \/>\n<meta property=\"og:description\" content=\"ComplaintsAny complaints regarding the contractual relationship must be forwarded in writing according to the methods and contact details provided below for the individual Insurance Companies with which Insurance Placement Agency S.r.l. has business relationships:Ufficio ReclamiCorso Libert\u00e0 53,41018 San Cesario sul Panaro servizio.reclami@assicuratricemilanese.itfax +39 059 8672387Ufficio ReclamiVia Fabio Filzi 29,20124 Milano ufficio.reclami@chubb.com; ufficio.reclami@pec.chubb.comfax +39 02 27095430 [&hellip;]\" \/>\n<meta property=\"og:url\" content=\"https:\/\/www.ipagency.it\/en\/complaints\/\" \/>\n<meta property=\"og:site_name\" content=\"Insurance Placement Agency\" \/>\n<meta property=\"article:modified_time\" content=\"2026-01-19T08:10:25+00:00\" \/>\n<meta property=\"og:image\" content=\"https:\/\/www.ipagency.it\/wp-content\/uploads\/2023\/10\/Fotolia_135085304_M.jpg\" \/>\n\t<meta property=\"og:image:width\" content=\"1688\" \/>\n\t<meta property=\"og:image:height\" content=\"673\" \/>\n\t<meta property=\"og:image:type\" content=\"image\/jpeg\" \/>\n<meta name=\"twitter:card\" content=\"summary_large_image\" \/>\n<meta name=\"twitter:label1\" content=\"Est. reading time\" \/>\n\t<meta name=\"twitter:data1\" content=\"3 minutes\" \/>\n<script type=\"application\/ld+json\" class=\"yoast-schema-graph\">{\"@context\":\"https:\/\/schema.org\",\"@graph\":[{\"@type\":\"WebPage\",\"@id\":\"https:\/\/www.ipagency.it\/en\/complaints\/\",\"url\":\"https:\/\/www.ipagency.it\/en\/complaints\/\",\"name\":\"Complaints - Insurance Placement Agency\",\"isPartOf\":{\"@id\":\"https:\/\/www.ipagency.it\/en\/#website\"},\"datePublished\":\"2026-01-19T08:06:23+00:00\",\"dateModified\":\"2026-01-19T08:10:25+00:00\",\"breadcrumb\":{\"@id\":\"https:\/\/www.ipagency.it\/en\/complaints\/#breadcrumb\"},\"inLanguage\":\"en-US\",\"potentialAction\":[{\"@type\":\"ReadAction\",\"target\":[\"https:\/\/www.ipagency.it\/en\/complaints\/\"]}]},{\"@type\":\"BreadcrumbList\",\"@id\":\"https:\/\/www.ipagency.it\/en\/complaints\/#breadcrumb\",\"itemListElement\":[{\"@type\":\"ListItem\",\"position\":1,\"name\":\"Home\",\"item\":\"https:\/\/www.ipagency.it\/en\/\"},{\"@type\":\"ListItem\",\"position\":2,\"name\":\"Complaints\"}]},{\"@type\":\"WebSite\",\"@id\":\"https:\/\/www.ipagency.it\/en\/#website\",\"url\":\"https:\/\/www.ipagency.it\/en\/\",\"name\":\"Insurance Placement Agency\",\"description\":\"\",\"publisher\":{\"@id\":\"https:\/\/www.ipagency.it\/en\/#organization\"},\"potentialAction\":[{\"@type\":\"SearchAction\",\"target\":{\"@type\":\"EntryPoint\",\"urlTemplate\":\"https:\/\/www.ipagency.it\/en\/?s={search_term_string}\"},\"query-input\":{\"@type\":\"PropertyValueSpecification\",\"valueRequired\":true,\"valueName\":\"search_term_string\"}}],\"inLanguage\":\"en-US\"},{\"@type\":\"Organization\",\"@id\":\"https:\/\/www.ipagency.it\/en\/#organization\",\"name\":\"INSURANCE PLACEMENT AGENCY S.r.l.\",\"url\":\"https:\/\/www.ipagency.it\/en\/\",\"logo\":{\"@type\":\"ImageObject\",\"inLanguage\":\"en-US\",\"@id\":\"https:\/\/www.ipagency.it\/en\/#\/schema\/logo\/image\/\",\"url\":\"https:\/\/www.ipagency.it\/wp-content\/uploads\/2023\/10\/av.png\",\"contentUrl\":\"https:\/\/www.ipagency.it\/wp-content\/uploads\/2023\/10\/av.png\",\"width\":95,\"height\":88,\"caption\":\"INSURANCE PLACEMENT AGENCY S.r.l.\"},\"image\":{\"@id\":\"https:\/\/www.ipagency.it\/en\/#\/schema\/logo\/image\/\"}}]}<\/script>\n<!-- \/ Yoast SEO plugin. -->","yoast_head_json":{"title":"Complaints - Insurance Placement Agency","robots":{"index":"index","follow":"follow","max-snippet":"max-snippet:-1","max-image-preview":"max-image-preview:large","max-video-preview":"max-video-preview:-1"},"canonical":"https:\/\/www.ipagency.it\/en\/complaints\/","og_locale":"en_US","og_type":"article","og_title":"Complaints - Insurance Placement Agency","og_description":"ComplaintsAny complaints regarding the contractual relationship must be forwarded in writing according to the methods and contact details provided below for the individual Insurance Companies with which Insurance Placement Agency S.r.l. has business relationships:Ufficio ReclamiCorso Libert\u00e0 53,41018 San Cesario sul Panaro servizio.reclami@assicuratricemilanese.itfax +39 059 8672387Ufficio ReclamiVia Fabio Filzi 29,20124 Milano ufficio.reclami@chubb.com; ufficio.reclami@pec.chubb.comfax +39 02 27095430 [&hellip;]","og_url":"https:\/\/www.ipagency.it\/en\/complaints\/","og_site_name":"Insurance Placement Agency","article_modified_time":"2026-01-19T08:10:25+00:00","og_image":[{"width":1688,"height":673,"url":"https:\/\/www.ipagency.it\/wp-content\/uploads\/2023\/10\/Fotolia_135085304_M.jpg","type":"image\/jpeg"}],"twitter_card":"summary_large_image","twitter_misc":{"Est. reading time":"3 minutes"},"schema":{"@context":"https:\/\/schema.org","@graph":[{"@type":"WebPage","@id":"https:\/\/www.ipagency.it\/en\/complaints\/","url":"https:\/\/www.ipagency.it\/en\/complaints\/","name":"Complaints - Insurance Placement Agency","isPartOf":{"@id":"https:\/\/www.ipagency.it\/en\/#website"},"datePublished":"2026-01-19T08:06:23+00:00","dateModified":"2026-01-19T08:10:25+00:00","breadcrumb":{"@id":"https:\/\/www.ipagency.it\/en\/complaints\/#breadcrumb"},"inLanguage":"en-US","potentialAction":[{"@type":"ReadAction","target":["https:\/\/www.ipagency.it\/en\/complaints\/"]}]},{"@type":"BreadcrumbList","@id":"https:\/\/www.ipagency.it\/en\/complaints\/#breadcrumb","itemListElement":[{"@type":"ListItem","position":1,"name":"Home","item":"https:\/\/www.ipagency.it\/en\/"},{"@type":"ListItem","position":2,"name":"Complaints"}]},{"@type":"WebSite","@id":"https:\/\/www.ipagency.it\/en\/#website","url":"https:\/\/www.ipagency.it\/en\/","name":"Insurance Placement Agency","description":"","publisher":{"@id":"https:\/\/www.ipagency.it\/en\/#organization"},"potentialAction":[{"@type":"SearchAction","target":{"@type":"EntryPoint","urlTemplate":"https:\/\/www.ipagency.it\/en\/?s={search_term_string}"},"query-input":{"@type":"PropertyValueSpecification","valueRequired":true,"valueName":"search_term_string"}}],"inLanguage":"en-US"},{"@type":"Organization","@id":"https:\/\/www.ipagency.it\/en\/#organization","name":"INSURANCE PLACEMENT AGENCY S.r.l.","url":"https:\/\/www.ipagency.it\/en\/","logo":{"@type":"ImageObject","inLanguage":"en-US","@id":"https:\/\/www.ipagency.it\/en\/#\/schema\/logo\/image\/","url":"https:\/\/www.ipagency.it\/wp-content\/uploads\/2023\/10\/av.png","contentUrl":"https:\/\/www.ipagency.it\/wp-content\/uploads\/2023\/10\/av.png","width":95,"height":88,"caption":"INSURANCE PLACEMENT AGENCY S.r.l."},"image":{"@id":"https:\/\/www.ipagency.it\/en\/#\/schema\/logo\/image\/"}}]}},"_links":{"self":[{"href":"https:\/\/www.ipagency.it\/en\/wp-json\/wp\/v2\/pages\/1321","targetHints":{"allow":["GET"]}}],"collection":[{"href":"https:\/\/www.ipagency.it\/en\/wp-json\/wp\/v2\/pages"}],"about":[{"href":"https:\/\/www.ipagency.it\/en\/wp-json\/wp\/v2\/types\/page"}],"author":[{"embeddable":true,"href":"https:\/\/www.ipagency.it\/en\/wp-json\/wp\/v2\/users\/3"}],"replies":[{"embeddable":true,"href":"https:\/\/www.ipagency.it\/en\/wp-json\/wp\/v2\/comments?post=1321"}],"version-history":[{"count":3,"href":"https:\/\/www.ipagency.it\/en\/wp-json\/wp\/v2\/pages\/1321\/revisions"}],"predecessor-version":[{"id":1329,"href":"https:\/\/www.ipagency.it\/en\/wp-json\/wp\/v2\/pages\/1321\/revisions\/1329"}],"wp:attachment":[{"href":"https:\/\/www.ipagency.it\/en\/wp-json\/wp\/v2\/media?parent=1321"}],"curies":[{"name":"wp","href":"https:\/\/api.w.org\/{rel}","templated":true}]}}